{"id":2087,"date":"2026-04-03T14:12:47","date_gmt":"2026-04-03T18:12:47","guid":{"rendered":"https:\/\/tire-dash.com\/ads\/255-40-20-4x-pneus-d-ete-goodyear-eagle-f1-asymmetric-5\/"},"modified":"2026-04-03T14:12:47","modified_gmt":"2026-04-03T18:12:47","slug":"255-40-20-4x-pneus-d-ete-goodyear-eagle-f1-asymmetric-5","status":"publish","type":"product","link":"https:\/\/tire-dash.com\/fr\/ads\/255-40-20-4x-pneus-d-ete-goodyear-eagle-f1-asymmetric-5\/","title":{"rendered":"255 40 20 \u2013 4x Pneus d&#039;\u00e9t\u00e9 GOODYEAR Eagle F1 asym\u00e9triques 5"},"content":{"rendered":"<p>4 pneus d&#039;\u00e9t\u00e9 Goodyear Eagle F1 asym\u00e9triques 5 255\/40R20 101W<\/p>\n<p>Marque \u2013 GOODYEAR<br \/>\nMod\u00e8le \u2013 Eagle F1 Asymmetric 5<\/p>\n<p>Largeur \u2013 255<br \/>\nProfil \u2013 40<br \/>\nDiam\u00e8tre \u2013 20 \u201d<br \/>\nCharge : 101 W<br \/>\n\u00c9tat \u2013 7,5-8\/32 (Neuf=8\/32)<\/p>\n<p>*** Date de Fabrication : DOT 2023<\/p>\n<p>Prix \u2013 700 **Aubaine<\/p>\n<p>**Pneus condition Comme Neuf \u2013 Utiliser sur un Tesla Model Y 2022 pour un ete moins de 7000 KM<\/p>\n<p>Valeur Neuf \u2013 366,27 ch ( 1 483,08 +taxes) = 1 705,17<\/p>\n<p>4 pneus \u00e9t\u00e9 GOODYEAR Eagle F1 asym\u00e9triques 5 255\/40R20 101W<\/p>\n<p>Marque \u2013 GOODYEAR<br \/>\nMod\u00e8le \u2013 Eagle F1 Asym\u00e9trique 5<\/p>\n<p>Largeur \u2013 255<br \/>\nProfil \u2013 40<br \/>\nDiam\u00e8tre \u2013 20\u2033<br \/>\nCharge : 101 W<br \/>\n\u00c9tat : 7,5-8\/32 (Neuf = 8\/32)<\/p>\n<p>*** Date de fabrication : DOT 2023<\/p>\n<p>Prix \u2013 700 **<\/p>\n<p>Pneus d&#039;\u00e9t\u00e9 de qualit\u00e9, comme neufs \u2013 Utilis\u00e9s moins de 7\u00a0000 km sur une Tesla Model Y 2022<\/p>\n<p>Prix d&#039;achat neuf \u2013 366,27 ch ( 1\u00a0483,08 + taxes) = 1\u00a0705,17<\/p>\n<p>Contact : 514 800 8427 (Jour\/Soir)<\/p>\n<p>V\u00e9hicules Compatibles \u2013 Liste des v\u00e9hicules compatibles<\/p>\n<p>Aston Martin<br \/>\nAston Martin DB11 2022<br \/>\nAston Martin Vantage 2022<br \/>\nAston Martin DB11 2021<br \/>\nAston Martin Vantage 2021<br \/>\nAston Martin DB11 2020<br \/>\nAston Martin Vantage 2020<br \/>\nAston Martin DB11 2019<br \/>\nAston Martin Vantage 2019<br \/>\nAston Martin DB11 de 2018<br \/>\nAston Martin DB11 de 2017<\/p>\n<p>Audi<br \/>\nAudi A6 Quattro 2022<br \/>\nAudi A7 Sportback 2022<br \/>\nAudi Q3 2022<br \/>\nAudi A6 Quattro 2021<br \/>\nAudi A7 Sportback 2021<br \/>\nAudi Q3 2021<br \/>\nAudi A6 Quattro 2020<br \/>\nAudi A7 Sportback 2020<br \/>\nAudi Q3 2020<br \/>\nAudi S6 2020<br \/>\nAudi S7 Sportback 2020<br \/>\nAudi A6 Quattro 2019<br \/>\nAudi A7 Sportback 2019<br \/>\nAudi Q3 2019<\/p>\n<p>Bentley<br \/>\nBentley Azure 2010<br \/>\nBentley Brooklands 2010<br \/>\nBentley Arnage 2009<br \/>\nBentley Azure 2009<br \/>\nBentley Brooklands 2009<br \/>\nBentley Brooklands 2008<\/p>\n<p>BMW<br \/>\nBMW Alpina B7 2022<br \/>\nBMW Alpina B7 2021<br \/>\nBMW Alpina B7 2020<br \/>\nBMW Alpina B7 2019<br \/>\nBMW Alpina B7 de 2018<br \/>\nBMW Alpina B7 de 2017<\/p>\n<p>Lincoln<br \/>\nLincoln MKC 2019<br \/>\nLincoln MKC 2018<br \/>\nLincoln MKC 2017<br \/>\nLincoln MKC 2016<br \/>\nLincoln MKC 2015<\/p>\n<p>Mercedes Benz<br \/>\nMercedes-Benz GLA35 AMG 2022<br \/>\nMercedes-Benz Maybach S580 2022<br \/>\nMercedes-Benz GLA35 AMG 2021<br \/>\nMercedes-Benz GLA45 AMG 2021<br \/>\nMercedes-Benz Maybach S580 2021<br \/>\nMercedes-Benz S63 AMG 2021<br \/>\nMercedes-Benz S63 AMG 2020<br \/>\nMercedes-Benz S65 AMG 2020<br \/>\nMercedes-Benz S63 AMG 2019<br \/>\nMercedes-Benz S65 AMG 2019<br \/>\nMercedes-Benz S63 AMG 2018<br \/>\nMercedes-Benz S65 AMG 2018<br \/>\nMercedes-Benz S63 AMG 2017<br \/>\nMercedes-Benz S65 AMG 2017<br \/>\nMercedes-Benz S63 AMG 2016<br \/>\nMercedes-Benz S65 AMG 2016<br \/>\nMercedes-Benz S63 AMG 2015<br \/>\nMercedes-Benz S65 AMG 2015<br \/>\nMercedes-Benz S63 AMG 2014<\/p>\n<p>Nissan<br \/>\nNissan GT-R 2021<br \/>\nNissan GT-R 2020<br \/>\nNissan GT-R 2019<br \/>\nNissan GT-R 2018<br \/>\nNissan GT-R 2017<br \/>\nNissan GT-R 2016<br \/>\nNissan GT-R 2015<br \/>\nNissan GT-R 2014<br \/>\nNissan GT-R 2013<br \/>\nNissan GT-R 2012<br \/>\nNissan GT-R 2011<br \/>\nNissan GT-R 2010<br \/>\nNissan GT-R 2009<\/p>\n<p>Porsche<br \/>\nPorsche Panamera 2016<br \/>\nPorsche Panamera 2015<br \/>\nPorsche Panamera 2014<br \/>\nPorsche Panamera 2013<br \/>\nPorsche Panamera 2012<br \/>\nPorsche Panamera 2011<br \/>\nPorsche Panamera 2010<\/p>\n<p>Tesla<br \/>\nTesla Model Y 2022<br \/>\nTesla Model Y 2021<br \/>\nTesla Model Y 2020<\/p>\n<p>Volkswagen<br \/>\nVolkswagen Tiguan 2022<br \/>\nVolkswagen Tiguan 2021<br \/>\nVolkswagen Tiguan 2020<br \/>\nVolkswagen Tiguan 2019<br \/>\nVolkswagen Tiguan 2018<\/p>\n<p>VOLVO<br \/>\nVolvo C40 2022<br \/>\nVolvo XC40 2022<br \/>\nVolvo XC40 2021<\/p>","protected":false},"excerpt":{"rendered":"<p>4x Pneus D&#8217; ETE GOODYEAR Eagle F1 Asymmetric 5 255\/40R20 101W Marque &#8211; GOODYEAR Modele &#8211; Eagle F1 Asymmetric 5 Largeur &#8211; 255 Profil &#8211; 40 Diam\u00e8tre &#8211; 20 &#8221; Load: 101W Condition &#8211; 7.5-8\/32 (Neuf=8\/32) *** Date de Fabrication : DOT 2023 Prix &#8211; 700 **Aubaine **Pneus condition Comme Neuf &#8211; Utiliser sur un [&hellip;]<\/p>","protected":false},"author":40,"featured_media":2075,"template":"","meta":[],"store":[],"product_cat":[339,62,18],"product_tag":[],"_links":{"self":[{"href":"https:\/\/tire-dash.com\/fr\/wp-json\/wp\/v2\/product\/2087"}],"collection":[{"href":"https:\/\/tire-dash.com\/fr\/wp-json\/wp\/v2\/product"}],"about":[{"href":"https:\/\/tire-dash.com\/fr\/wp-json\/wp\/v2\/types\/product"}],"author":[{"embeddable":true,"href":"https:\/\/tire-dash.com\/fr\/wp-json\/wp\/v2\/users\/40"}],"wp:featuredmedia":[{"embeddable":true,"href":"https:\/\/tire-dash.com\/fr\/wp-json\/wp\/v2\/media\/2075"}],"wp:attachment":[{"href":"https:\/\/tire-dash.com\/fr\/wp-json\/wp\/v2\/media?parent=2087"}],"wp:term":[{"taxonomy":"store","embeddable":true,"href":"https:\/\/tire-dash.com\/fr\/wp-json\/wp\/v2\/store?post=2087"},{"taxonomy":"product_cat","embeddable":true,"href":"https:\/\/tire-dash.com\/fr\/wp-json\/wp\/v2\/product_cat?post=2087"},{"taxonomy":"product_tag","embeddable":true,"href":"https:\/\/tire-dash.com\/fr\/wp-json\/wp\/v2\/product_tag?post=2087"}],"curies":[{"name":"wp","href":"https:\/\/api.w.org\/{rel}","templated":true}]}}