{"id":1986,"date":"2026-03-29T07:35:09","date_gmt":"2026-03-29T11:35:09","guid":{"rendered":"https:\/\/tire-dash.com\/ads\/4x-pneus-d-ete-bridgestone-turanza-ls100-runflat-225-45r18-91h-rf\/"},"modified":"2026-04-03T09:15:40","modified_gmt":"2026-04-03T13:15:40","slug":"4x-pneus-d-ete-bridgestone-turanza-ls100-runflat-225-45r18-91h-rf","status":"publish","type":"product","link":"https:\/\/tire-dash.com\/fr\/ads\/4x-pneus-d-ete-bridgestone-turanza-ls100-runflat-225-45r18-91h-rf\/","title":{"rendered":"4 pneus d&#039;\u00e9t\u00e9 Bridgestone TURANZA LS100 Runflat 225\/45R18 91H RF"},"content":{"rendered":"<p>4 pneus d&#039;\u00e9t\u00e9 Bridgestone TURANZA LS100 Runflat 225\/45R18 91H RF<\/p>\n<p>Marque \u2013 Bridgestone<br \/>\nMod\u00e8le \u2013 TURANZA LS100 Runflat<\/p>\n<p>Largeur \u2013 225<br \/>\nProfil \u2013 45<br \/>\nDiam\u00e8tre \u2013 18 pouces<br \/>\nCharge : 91H<br \/>\nEtat \u2013 9\/32 (Neuf=10\/32)<\/p>\n<p>*** Date de fabrication : DOT 2025<\/p>\n<p>Prix \u2013 500 **Aubaine<\/p>\n<p>**Pneus condition Comme Neuf \u2013 Utiliser sur un Mercedes-Benz CLA250 2022 pour un ete moins de 5000 KM<\/p>\n<p>Valeur Neuf \u2013 333,64 ch ( 1 352,56 +taxes) = 1 555,11<\/p>\n<p>4 pneus \u00e9t\u00e9 Bridgestone TURANZA LS100 Runflat 225\/45R18 91H RF<\/p>\n<p>Marque \u2013 Bridgestone<br \/>\nMod\u00e8le \u2013 TURANZA LS100 Runflat<\/p>\n<p>Largeur \u2013 225<br \/>\nProfil \u2013 45<br \/>\nDiam\u00e8tre \u2013 18\u2033<br \/>\nCharge : 91H<br \/>\n\u00c9tat : 9\/32 (Neuf = 10\/32)<\/p>\n<p>*** Date de fabrication : DOT 2025<\/p>\n<p>Prix \u2013 500 **<\/p>\n<p>Pneus \u00e9t\u00e9 de qualit\u00e9, en \u00e9tat quasi neuf \u2013 Utilis\u00e9s moins de 5000 km sur une Mercedes-Benz CLA250 de 2022<\/p>\n<p>Prix d&#039;achat neuf \u2013 333,64 ch ( 1\u00a0352,56 + taxes) = 1\u00a0555,11<\/p>\n<p>Contact : 514 800 8427 (Jour\/Soir)<\/p>\n<p>V\u00e9hicules Compatibles \u2013 Liste des v\u00e9hicules compatibles<\/p>\n<p>Alfa Romeo<br \/>\nAlfa Romeo Giulia 2022<br \/>\nAlfa Romeo Giulia 2021<br \/>\nAlfa Romeo Giulia 2020<br \/>\nAlfa Romeo Giulia 2019<br \/>\nAlfa Romeo Giulia 2018<br \/>\nAlfa Romeo Giulia 2017<\/p>\n<p>BMW<br \/>\nBMW 230i 2022<br \/>\nBMW 330e 2022<br \/>\nBMW 330e xDrive 2022<br \/>\nBMW 330i 2022<br \/>\nBMW 330i xDrive 2022<br \/>\nBMW 430i 2022<br \/>\nBMW 430i xDrive 2022<br \/>\nBMW M340i 2022<br \/>\nBMW M340i xDrive 2022<br \/>\nBMW M440i 2022<br \/>\nBMW M440i xDrive 2022<br \/>\nBMW Z4 2022<br \/>\nBMW 330e 2021<br \/>\nBMW 330e xDrive 2021<br \/>\nBMW 330i 2021<br \/>\nBMW 330i xDrive 2021<br \/>\nBMW 430i 2021<br \/>\nBMW 430i xDrive 2021<br \/>\nBMW M340i 2021<br \/>\nBMW M340i xDrive 2021<br \/>\nBMW M440i 2021<br \/>\nBMW M440i xDrive 2021<br \/>\nBMW Z4 2021<br \/>\nBMW 330i 2020<br \/>\nBMW 330i xDrive 2020<br \/>\nBMW 430i 2020<br \/>\nBMW 430i Gran Coup\u00e9 2020<br \/>\nBMW 430i xDrive 2020<br \/>\nBMW 430i xDrive Gran Coup\u00e9 2020<br \/>\nBMW 440i 2020<br \/>\nBMW 440i Gran Coup\u00e9 2020<br \/>\nBMW 440i xDrive 2020<br \/>\nBMW 440i xDrive Gran Coup\u00e9 2020<br \/>\nBMW M340i 2020<br \/>\nBMW M340i xDrive 2020<br \/>\nBMW Z4 2020<br \/>\nBMW 330i 2019<br \/>\nBMW 330i xDrive 2019<br \/>\nBMW 430i 2019<br \/>\nBMW 430i Gran Coup\u00e9 2019<br \/>\nBMW 430i xDrive 2019<br \/>\nBMW 430i xDrive Gran Coup\u00e9 2019<br \/>\nBMW 440i 2019<br \/>\nBMW 440i Gran Coup\u00e9 2019<br \/>\nBMW 440i xDrive 2019<br \/>\nBMW 440i xDrive Gran Coup\u00e9 2019<br \/>\nBMW Z4 2019<br \/>\nBMW 320i 2018<br \/>\nBMW 320i xDrive 2018<br \/>\nBMW 328d 2018<br \/>\nBMW 328d xDrive 2018<br \/>\nBMW 330e 2018<br \/>\nBMW 330i 2018<br \/>\nBMW 330i xDrive 2018<br \/>\nBMW 340i 2018<br \/>\nBMW 340i xDrive 2018<br \/>\nBMW 430i 2018<br \/>\nBMW 430i Gran Coup\u00e9 2018<br \/>\nBMW 430i xDrive 2018<br \/>\nBMW 430i xDrive Gran Coup\u00e9 2018<br \/>\nBMW 440i 2018<br \/>\nBMW 440i Gran Coup\u00e9 2018<br \/>\nBMW 440i xDrive 2018<br \/>\nBMW 440i xDrive Gran Coup\u00e9 2018<br \/>\nBMW 320i 2017<br \/>\nBMW 320i xDrive 2017<br \/>\nBMW 328d de 2017<br \/>\nBMW 328d xDrive 2017<br \/>\nBMW 330e de 2017<br \/>\nBMW 330i 2017<br \/>\nBMW 330i xDrive 2017<br \/>\nBMW 340i 2017<br \/>\nBMW 340i xDrive 2017<br \/>\nBMW 430i de 2017<br \/>\nBMW 430i Gran Coup\u00e9 2017<br \/>\nBMW 430i xDrive 2017<br \/>\nBMW 430i xDrive Gran Coup\u00e9 2017<br \/>\nBMW 440i 2017<br \/>\nBMW 440i Gran Coup\u00e9 2017<br \/>\nBMW 440i xDrive 2017<br \/>\nBMW 440i xDrive Gran Coup\u00e9 2017<br \/>\nBMW 320i de 2016<br \/>\nBMW 320i xDrive 2016<br \/>\nBMW 328d de 2016<br \/>\nBMW 328d xDrive 2016<br \/>\nBMW 328i de 2016<br \/>\nBMW 328i xDrive 2016<br \/>\nBMW 330e de 2016<br \/>\nBMW 340i de 2016<br \/>\nBMW 340i xDrive 2016<br \/>\nBMW 428i de 2016<br \/>\nBMW 428i Gran Coup\u00e9 2016<br \/>\nBMW 428i xDrive 2016<br \/>\nBMW 428i xDrive Gran Coup\u00e9 2016<br \/>\nBMW 435i de 2016<br \/>\nBMW 435i Gran Coup\u00e9 2016<br \/>\nBMW 435i xDrive 2016<br \/>\nBMW 435i xDrive Gran Coup\u00e9 2016<br \/>\nBMW 320i de 2015<br \/>\nBMW 320i xDrive 2015<br \/>\nBMW 328d de 2015<br \/>\nBMW 328d xDrive 2015<br \/>\nBMW 328i de 2015<br \/>\nBMW 328i xDrive 2015<br \/>\nBMW 335i de 2015<br \/>\nBMW 335i xDrive 2015<br \/>\nBMW 428i de 2015<br \/>\nBMW 428i Gran Coup\u00e9 2015<br \/>\nBMW 428i xDrive 2015<br \/>\nBMW 428i xDrive Gran Coup\u00e9 2015<br \/>\nBMW 435i de 2015<br \/>\nBMW 435i Gran Coup\u00e9 2015<br \/>\nBMW 435i xDrive 2015<br \/>\nBMW 435i xDrive Gran Coup\u00e9 2015<br \/>\nBMW ActiveHybrid 3 de 2015<br \/>\nBMW X1 2015<br \/>\nBMW 320i de 2014<br \/>\nBMW 320i xDrive 2014<br \/>\nBMW 328d de 2014<br \/>\nBMW 328d xDrive 2014<br \/>\nBMW 328i de 2014<br \/>\nBMW 328i xDrive 2014<br \/>\nBMW 335i de 2014<br \/>\nBMW 335i xDrive 2014<br \/>\nBMW 428i de 2014<br \/>\nBMW 428i xDrive 2014<br \/>\nBMW 435i de 2014<br \/>\nBMW 435i xDrive 2014<br \/>\nBMW ActiveHybrid 3 de 2014<br \/>\nBMW X1 2014<br \/>\nBMW 320i de 2013<br \/>\nBMW 320i xDrive 2013<br \/>\nBMW 328i de 2013<br \/>\nBMW 328i xDrive 2013<br \/>\nBMW 335i de 2013<br \/>\nBMW 335i xDrive 2013<br \/>\nBMW ActiveHybrid 3 de 2013<br \/>\nBMW X1 2013<br \/>\nBMW 328i de 2012<br \/>\nBMW 328i xDrive 2012<br \/>\nBMW 335i de 2012<br \/>\nBMW 335i xDrive 2012<br \/>\nBMW Z4 de 2008<br \/>\nBMW Z4 de 2007<br \/>\nBMW M3 de 2006<br \/>\nBMW M3 de 2005<br \/>\nBMW M3 de 2004<br \/>\nBMW M3 de 2003<br \/>\nBMW M3 de 2002<br \/>\nBMW M3 de 2001<\/p>\n<p>Chevrolet<br \/>\nChevrolet Cruze Limited 2016<br \/>\nChevrolet Cruze 2015<br \/>\nChevrolet Cruze 2014<br \/>\nChevrolet Cruze 2013<br \/>\nChevrolet Cruze 2012<br \/>\nChevrolet Cruze 2011<br \/>\nChevrolet HHR 2010<br \/>\nChevrolet HHR 2009<br \/>\nChevrolet HHR 2008<\/p>\n<p>D\u00e9cret<br \/>\nFiat 500X 2018<br \/>\nFiat 500X 2017<br \/>\nFiat 500X 2016<\/p>\n<p>Gu\u00e9<br \/>\nFord Fusion 2012<br \/>\nFord Fusion 2011<br \/>\nFord Fusion 2010<br \/>\nFord Fusion 2009<br \/>\nFord Fusion 2008<\/p>\n<p>Gen\u00e8se<br \/>\nGenesis G70 2022<br \/>\nGenesis G70 2021<br \/>\nGenesis G70 2020<br \/>\nGenesis G70 2019<\/p>\n<p>Hyundai<br \/>\nHyundai Genesis Coup\u00e9 2016<br \/>\nHyundai Genesis Coup\u00e9 2015<br \/>\nHyundai Genesis Coup\u00e9 2014<br \/>\nHyundai Sonate 2014<br \/>\nHyundai Genesis Coup\u00e9 2013<br \/>\nHyundai Sonate 2013<br \/>\nHyundai Genesis Coup\u00e9 2012<br \/>\nHyundai Sonate 2012<br \/>\nHyundai Genesis Coup\u00e9 2011<br \/>\nHyundai Sonate 2011<br \/>\nHyundai Genesis Coup\u00e9 2010<\/p>\n<p>Infiniti<br \/>\nInfiniti G35 de 2007<br \/>\nInfiniti G35 de 2006<br \/>\nInfiniti G35 de 2005<br \/>\nInfiniti G35 de 2004<br \/>\nInfiniti G35 de 2003<\/p>\n<p>Jaguar<br \/>\nJaguar XE 2020<br \/>\nJaguar XE 2019<br \/>\nJaguar XE 2018<br \/>\nJaguar XE 2017<\/p>\n<p>KIA<br \/>\nKia Niro 2022<br \/>\nKia Stinger 2022<br \/>\nKia Niro 2021<br \/>\nKia Stinger 2021<br \/>\nKia Niro 2020<br \/>\nKia Stinger 2020<br \/>\nKia Niro 2019<br \/>\nKia Stinger 2019<br \/>\nKia Niro 2018<br \/>\nKia Stinger 2018<br \/>\nKia Niro 2017<br \/>\nKia Optima 2015<br \/>\nKia Optima 2014<br \/>\nKia Optima 2013<br \/>\nKia Optima 2012<br \/>\nKia Optima 2011<br \/>\nKia Soul 2011<br \/>\nKia Soul 2010<\/p>\n<p>Lexus<br \/>\nLexus ES350 2018<br \/>\nLexus ES350 2017<br \/>\nLexus ES350 2016<br \/>\nLexus ES350 2015<br \/>\nLexus ES350 2014<br \/>\nLexus ES350 2013<br \/>\nLexus HS250h 2012<br \/>\nLexus HS250h 2011<br \/>\nLexus HS250h de 2010<\/p>\n<p>Lincoln<br \/>\nLincoln MKZ 2012<br \/>\nLincoln MKZ 2011<br \/>\nLincoln MKZ 2010<\/p>\n<p>Mazda<br \/>\nMazda RX-8 de 2011<br \/>\nMazda RX-8 de 2010<br \/>\nMazda RX-8 de 2009<br \/>\nMazda RX-8 de 2008<br \/>\nMazda RX-8 de 2007<br \/>\nMazda RX-8 de 2006<br \/>\nMazda RX-8 de 2005<br \/>\nMazda RX-8 de 2004<\/p>\n<p>Mercedes Benz<br \/>\nMercedes-Benz A220 de 2022<br \/>\nMercedes-Benz C300 2022<br \/>\nMercedes-Benz C43 AMG 2022<br \/>\nMercedes-Benz CLA250 2022<br \/>\nMercedes-Benz A220 2021<br \/>\nMercedes-Benz C300 2021<br \/>\nMercedes-Benz C43 AMG 2021<br \/>\nMercedes-Benz CLA250 2021<br \/>\nMercedes-Benz A220 2020<br \/>\nMercedes-Benz C300 2020<br \/>\nMercedes-Benz C43 AMG 2020<br \/>\nMercedes-Benz CLA250 2020<br \/>\nMercedes-Benz A220 de 2019<br \/>\nMercedes-Benz C300 2019<br \/>\nMercedes-Benz C43 AMG 2019<br \/>\nMercedes-Benz C300 de 2018<br \/>\nMercedes-Benz C350e 2018<br \/>\nMercedes-Benz C43 AMG 2018<br \/>\nMercedes-Benz C300 de 2017<br \/>\nMercedes-Benz C350e 2017<br \/>\nMercedes-Benz C43 AMG 2017<br \/>\nMercedes-Benz C300 de 2016<br \/>\nMercedes-Benz C350e 2016<br \/>\nMercedes-Benz C450 AMG 2016<br \/>\nMercedes-Benz C300 de 2015<br \/>\nMercedes-Benz C400 de 2015<\/p>\n<p>Mercure<br \/>\nMercury Milan 2011<\/p>\n<p>mini<br \/>\nMini Cooper Countryman 2016<br \/>\nMini Cooper Paceman 2016<br \/>\nMini Cooper Countryman 2015<br \/>\nMini Cooper Paceman 2015<br \/>\nMini Cooper Countryman 2014<br \/>\nMini Cooper Paceman 2014<br \/>\nMini Cooper Countryman 2013<br \/>\nMini Cooper Paceman 2013<br \/>\nMini Cooper Countryman 2012<br \/>\nMini Cooper Countryman 2011<\/p>\n<p>Nissan<br \/>\nNissan Juke 2017<br \/>\nNissan Juke 2016<br \/>\nNissan Juke 2015<br \/>\nNissan Juke 2014<br \/>\nNissan Juke 2013<br \/>\nNissan 350Z de 2009<br \/>\nNissan 350Z de 2008<br \/>\nNissan 350Z de 2007<br \/>\nNissan 350Z de 2006<br \/>\nNissan Altima 2006<br \/>\nNissan 350Z de 2005<br \/>\nNissan Altima 2005<br \/>\nNissan 350Z de 2004<br \/>\nNissan 350Z de 2003<\/p>\n<p>Scion<br \/>\nScion tC 2016<br \/>\nScion tC 2015<br \/>\nScion tC 2014<br \/>\nScion tC 2013<br \/>\nScion tC 2012<br \/>\nScion tC 2011<\/p>\n<p>Subaru<br \/>\nSubaru Legacy 2014<br \/>\nSubaru Legacy 2012<br \/>\nSubaru Legacy 2011<br \/>\nSubaru Legacy 2010<\/p>\n<p>Toyota<br \/>\nToyota Avalon 2018<br \/>\nToyota Avalon 2017<br \/>\nToyota Camry 2017<br \/>\nToyota Avalon 2016<br \/>\nToyota Camry 2016<br \/>\nToyota Avalon 2015<br \/>\nToyota Camry 2015<br \/>\nToyota Avalon 2014<br \/>\nToyota Camry 2014<br \/>\nToyota Avalon 2013<br \/>\nToyota Camry 2013<br \/>\nToyota Camry 2012<\/p>\n<p>Volkswagen<br \/>\nVolkswagen Jetta 2022<br \/>\nVolkswagen Jetta 2021<br \/>\nVolkswagen Jetta 2020<br \/>\nVolkswagen Golf Alltrack 2019<br \/>\nVolkswagen Jetta 2019<br \/>\nVolkswagen Golf Alltrack 2018<br \/>\nVolkswagen Golf Alltrack 2017<\/p>","protected":false},"excerpt":{"rendered":"<p>4x Pneus D&#8217; ETE Bridgestone TURANZA LS100 Runflat 225\/45R18 91H RF Marque &#8211; Bridgestone Modele &#8211; TURANZA LS100 Runflat Largeur &#8211; 225 Profil &#8211; 45 Diam\u00e8tre &#8211; 18 &#8221; Load: 91H Condition &#8211; 9\/32 (Neuf=10\/32) *** Date de Fabrication : DOT 2025 Prix &#8211; 500 **Aubaine **Pneus condition Comme Neuf &#8211; Utiliser sur un 2022 [&hellip;]<\/p>","protected":false},"author":39,"featured_media":2051,"template":"","meta":[],"store":[],"product_cat":[18],"product_tag":[],"_links":{"self":[{"href":"https:\/\/tire-dash.com\/fr\/wp-json\/wp\/v2\/product\/1986"}],"collection":[{"href":"https:\/\/tire-dash.com\/fr\/wp-json\/wp\/v2\/product"}],"about":[{"href":"https:\/\/tire-dash.com\/fr\/wp-json\/wp\/v2\/types\/product"}],"author":[{"embeddable":true,"href":"https:\/\/tire-dash.com\/fr\/wp-json\/wp\/v2\/users\/39"}],"wp:featuredmedia":[{"embeddable":true,"href":"https:\/\/tire-dash.com\/fr\/wp-json\/wp\/v2\/media\/2051"}],"wp:attachment":[{"href":"https:\/\/tire-dash.com\/fr\/wp-json\/wp\/v2\/media?parent=1986"}],"wp:term":[{"taxonomy":"store","embeddable":true,"href":"https:\/\/tire-dash.com\/fr\/wp-json\/wp\/v2\/store?post=1986"},{"taxonomy":"product_cat","embeddable":true,"href":"https:\/\/tire-dash.com\/fr\/wp-json\/wp\/v2\/product_cat?post=1986"},{"taxonomy":"product_tag","embeddable":true,"href":"https:\/\/tire-dash.com\/fr\/wp-json\/wp\/v2\/product_tag?post=1986"}],"curies":[{"name":"wp","href":"https:\/\/api.w.org\/{rel}","templated":true}]}}