{"id":1967,"date":"2026-03-22T15:22:24","date_gmt":"2026-03-22T19:22:24","guid":{"rendered":"https:\/\/tire-dash.com\/ads\/285-50-20-4x-pneus-d-ete-farroad-frd66-gmc-yukon\/"},"modified":"2026-04-03T09:11:11","modified_gmt":"2026-04-03T13:11:11","slug":"285-50-20-4x-pneus-d-ete-farroad-frd66-gmc-yukon","status":"publish","type":"product","link":"https:\/\/tire-dash.com\/fr\/ads\/285-50-20-4x-pneus-d-ete-farroad-frd66-gmc-yukon\/","title":{"rendered":"285 50 20 4x Pneus D&#039;\u00c9TE FARROAD FRD66 **GMC Yukon"},"content":{"rendered":"<p>4x Pneus D&#039;\u00c9TE FARROAD FRD66 285\/50R20 116V XL \u2013 **GMC Yukon<\/p>\n<p>Marque \u2013 FARROAD<br \/>\nMod\u00e8le \u2013 FRD66<\/p>\n<p>Largeur \u2013 285<br \/>\nProfil \u2013 50<br \/>\nDiam\u00e8tre \u2013 20 \u201d<br \/>\nCharge : 116 V XL<br \/>\nEtat \u2013 9\/32 (Neuf=10\/32)<\/p>\n<p>Prix \u2013 360 **Aubaine<\/p>\n<p>**Pneus en tr\u00e8s bonne condition \u2013 Utiliser sur un GMC Yukon 2014 pour un ete 5000 KM<br \/>\nValeur Neuf \u2013 218,74 ch ( 882,96 +taxes) = 1 015,18<\/p>\n<p>4 pneus \u00e9t\u00e9 FARROAD FRD66 285\/50R20 116V XL \u2013 **GMC Yukon<\/p>\n<p>Marque \u2013 FARROAD<br \/>\nMod\u00e8le \u2013 FRD66<\/p>\n<p>Largeur \u2013 285<br \/>\nProfil \u2013 50<br \/>\nDiam\u00e8tre \u2013 20\u2033<br \/>\nCharge : 116 V XL<br \/>\n\u00c9tat : 9\/32 (Neuf = 10\/32)<\/p>\n<p>Prix \u2013 360 **<\/p>\n<p>Pneus d&#039;\u00e9t\u00e9 de qualit\u00e9 \u2013 Utilis\u00e9s moins de 5\u00a0000 km sur un GMC Yukon 2014<br \/>\nPrix d&#039;achat neuf \u2013 218,74 ch (882,96 + taxes) = 1\u00a0015,18<\/p>\n<p>Contact : 514 800 8427 (Jour\/Soir)<\/p>\n<p>V\u00e9hicules compatibles<\/p>\n<p>GMC<br \/>\nGMC Yukon 2014<br \/>\nGMC Yukon XL 1500 de 2014<br \/>\nGMC Yukon 2013<br \/>\nGMC Yukon XL 1500 de 2013<\/p>\n<p>Lexus<br \/>\nLexus LX570 2021<br \/>\nLexus LX570 2020<br \/>\nLexus LX570 2019<br \/>\nLexus LX570 2018<br \/>\nLexus LX570 2017<br \/>\nLexus LX570 2016<br \/>\nLexus LX570 2015<br \/>\nLexus LX570 2014<br \/>\nLexus LX570 2013<br \/>\nLexus LX570 de 2011<br \/>\nLexus LX570 de 2010<br \/>\nLexus LX570 de 2009<br \/>\nLexus LX570 de 2008<\/p>\n<p>Toyota<br \/>\nToyota FJ Cruiser 2007<\/p>","protected":false},"excerpt":{"rendered":"<p>4x Pneus D&#8217; ETE FARROAD FRD66 285\/50R20 116V XL &#8211; **GMC Yukon Marque &#8211; FARROAD Modele &#8211; FRD66 Largeur &#8211; 285 Profil &#8211; 50 Diam\u00e8tre &#8211; 20 &#8221; Load: 116V XL Condition &#8211; 9\/32 (Neuf=10\/32) Prix &#8211; 360 **Aubaine **Pneus en tres bonne condition &#8211; Utiliser sur un 2014 GMC Yukon pour un ete 5000 [&hellip;]<\/p>","protected":false},"author":39,"featured_media":0,"template":"","meta":[],"store":[],"product_cat":[],"product_tag":[],"_links":{"self":[{"href":"https:\/\/tire-dash.com\/fr\/wp-json\/wp\/v2\/product\/1967"}],"collection":[{"href":"https:\/\/tire-dash.com\/fr\/wp-json\/wp\/v2\/product"}],"about":[{"href":"https:\/\/tire-dash.com\/fr\/wp-json\/wp\/v2\/types\/product"}],"author":[{"embeddable":true,"href":"https:\/\/tire-dash.com\/fr\/wp-json\/wp\/v2\/users\/39"}],"wp:attachment":[{"href":"https:\/\/tire-dash.com\/fr\/wp-json\/wp\/v2\/media?parent=1967"}],"wp:term":[{"taxonomy":"store","embeddable":true,"href":"https:\/\/tire-dash.com\/fr\/wp-json\/wp\/v2\/store?post=1967"},{"taxonomy":"product_cat","embeddable":true,"href":"https:\/\/tire-dash.com\/fr\/wp-json\/wp\/v2\/product_cat?post=1967"},{"taxonomy":"product_tag","embeddable":true,"href":"https:\/\/tire-dash.com\/fr\/wp-json\/wp\/v2\/product_tag?post=1967"}],"curies":[{"name":"wp","href":"https:\/\/api.w.org\/{rel}","templated":true}]}}