{"id":61,"date":"2022-03-18T18:32:22","date_gmt":"2022-03-18T22:32:22","guid":{"rendered":"https:\/\/tire-dash.com\/search-listings\/"},"modified":"2022-03-29T20:59:42","modified_gmt":"2022-03-30T00:59:42","slug":"search-listings","status":"publish","type":"page","link":"https:\/\/tire-dash.com\/fr\/search-listings\/","title":{"rendered":"Recherche d&#039;annonces"},"content":{"rendered":"<div class=\"acadp acadp-search acadp-search-inline\">\r\n\t<form action=\"https:\/\/tire-dash.com\/fr\/search-listings\/\" class=\"form-vertical\" role=\"form\" data-trp-original-action=\"https:\/\/tire-dash.com\/fr\/search-listings\/\">\r\n    \t        \r\n                \r\n        <div class=\"row acadp-no-margin\">        \r\n    \t\t<div class=\"form-group col-md-4\">\r\n\t\t\t\t<input type=\"text\" name=\"q\" class=\"form-control\" placeholder=\"Enter your keyword here ...\" value=\"\">\r\n\t\t\t<\/div>        \r\n        \r\n        \t         \t\t<!-- Location field -->\r\n\t\t\t\t<div class=\"form-group col-md-4\">\r\n\t\t\t\t\t<select  name='l' id='acadp-location-search-554030684' class='form-control' >\n\t<option value='-1' selected='selected'>&#8212; Select location &#8212;<\/option>\n\t<option class=\"level-0\" value=\"244\">Laval<\/option>\n\t<option class=\"level-0\" value=\"245\">Montr\u00e9al, Qu\u00e9bec<\/option>\n\t<option class=\"level-1\" value=\"246\">&nbsp;&nbsp;&nbsp;Ahuntsic-Cartierville<\/option>\n\t<option class=\"level-1\" value=\"247\">&nbsp;&nbsp;&nbsp;Anjou<\/option>\n\t<option class=\"level-1\" value=\"248\">&nbsp;&nbsp;&nbsp;C\u00f4te-des-Neiges\u2013Notre-Dame-de-Gr\u00e2ce<\/option>\n\t<option class=\"level-1\" value=\"271\">&nbsp;&nbsp;&nbsp;Centre-ville de Montr\u00e9al<\/option>\n\t<option class=\"level-2\" value=\"272\">&nbsp;&nbsp;&nbsp;&nbsp;&nbsp;&nbsp;Vieux Montr\u00e9al<\/option>\n\t<option class=\"level-1\" value=\"249\">&nbsp;&nbsp;&nbsp;L&#039;\u00cele-Bizard<\/option>\n\t<option class=\"level-1\" value=\"250\">&nbsp;&nbsp;&nbsp;Lachine<\/option>\n\t<option class=\"level-1\" value=\"251\">&nbsp;&nbsp;&nbsp;La salle<\/option>\n\t<option class=\"level-1\" value=\"252\">&nbsp;&nbsp;&nbsp;Mercier\u2013Hochelaga-Maisonneuve<\/option>\n\t<option class=\"level-1\" value=\"253\">&nbsp;&nbsp;&nbsp;Outremont<\/option>\n\t<option class=\"level-1\" value=\"254\">&nbsp;&nbsp;&nbsp;Pierrefonds-Roxboro<\/option>\n\t<option class=\"level-1\" value=\"255\">&nbsp;&nbsp;&nbsp;Plateau Mont Royal<\/option>\n\t<option class=\"level-2\" value=\"256\">&nbsp;&nbsp;&nbsp;&nbsp;&nbsp;&nbsp;Le Plateau<\/option>\n\t<option class=\"level-2\" value=\"257\">&nbsp;&nbsp;&nbsp;&nbsp;&nbsp;&nbsp;Petit Portugal<\/option>\n\t<option class=\"level-2\" value=\"258\">&nbsp;&nbsp;&nbsp;&nbsp;&nbsp;&nbsp;Mile End<\/option>\n\t<option class=\"level-1\" value=\"259\">&nbsp;&nbsp;&nbsp;Pointe-aux-Trembles<\/option>\n\t<option class=\"level-1\" value=\"260\">&nbsp;&nbsp;&nbsp;Rivi\u00e8re-Des-Prairies<\/option>\n\t<option class=\"level-1\" value=\"261\">&nbsp;&nbsp;&nbsp;Rosemont\u2013La Petite-Patrie<\/option>\n\t<option class=\"level-2\" value=\"262\">&nbsp;&nbsp;&nbsp;&nbsp;&nbsp;&nbsp;Petite Italie<\/option>\n\t<option class=\"level-1\" value=\"263\">&nbsp;&nbsp;&nbsp;Saint-L\u00e9onard<\/option>\n\t<option class=\"level-1\" value=\"264\">&nbsp;&nbsp;&nbsp;Saint Michel<\/option>\n\t<option class=\"level-1\" value=\"265\">&nbsp;&nbsp;&nbsp;Sud-Ouest<\/option>\n\t<option class=\"level-2\" value=\"266\">&nbsp;&nbsp;&nbsp;&nbsp;&nbsp;&nbsp;Griffintown<\/option>\n\t<option class=\"level-2\" value=\"267\">&nbsp;&nbsp;&nbsp;&nbsp;&nbsp;&nbsp;Pointe-Saint-Charles<\/option>\n\t<option class=\"level-1\" value=\"268\">&nbsp;&nbsp;&nbsp;Verdun<\/option>\n\t<option class=\"level-1\" value=\"269\">&nbsp;&nbsp;&nbsp;Ville Saint Laurent<\/option>\n\t<option class=\"level-1\" value=\"270\">&nbsp;&nbsp;&nbsp;Ville Marie<\/option>\n\t<option class=\"level-1\" value=\"273\">&nbsp;&nbsp;&nbsp;Villeray<\/option>\n\t<option class=\"level-1\" value=\"274\">&nbsp;&nbsp;&nbsp;Ouest de l&#039;\u00eele<\/option>\n\t<option class=\"level-1\" value=\"275\">&nbsp;&nbsp;&nbsp;Westmount<\/option>\n\t<option class=\"level-0\" value=\"277\">Ontario<\/option>\n\t<option class=\"level-0\" value=\"276\">Qu\u00e9bec<\/option>\n<\/select>\n\t\t\t\t<\/div>\r\n        \t        \r\n        \t        \t\t<!-- Category field -->\r\n\t\t\t\t<div class=\"form-group col-md-4\">\r\n\t\t\t\t\t<select  name='c' id='acadp-category-search-554030684' class='form-control acadp-category-search' >\n\t<option value='-1' selected='selected'>&#8212; Select category &#8212;<\/option>\n\t<option class=\"level-0\" value=\"16\">Pneus<\/option>\n<\/select>\n\t\t\t\t<\/div>\r\n        \t        \r\n        <\/div>     \r\n\r\n                \t <!-- Custom fields -->\r\n       \t\t<div id=\"acadp-custom-fields-search-554030684\" class=\"acadp-custom-fields-search\" data-style=\"inline\">\r\n  \t\t\t\t\t\t\t<\/div>\r\n                \r\n        \r\n        <div class=\"row acadp-no-margin\">        \r\n        \t        \t\t<!-- Price fields -->\r\n        \t\t<div class=\"form-group col-md-6\">\r\n       \t\t\t\t<label>Price Range<\/label>\r\n                \t<div class=\"row\">\r\n        \t\t\t\t<div class=\"col-md-6 col-xs-6\">\r\n  \t\t\t\t\t\t\t<input type=\"text\" name=\"price[0]\" class=\"form-control\" placeholder=\"min\" value=\"\">\r\n            \t\t\t<\/div>\r\n            \t\t\t<div class=\"col-md-6 col-xs-6\">\r\n            \t\t\t\t<input type=\"text\" name=\"price[1]\" class=\"form-control\" placeholder=\"max\" value=\"\">\r\n             \t\t\t<\/div>\r\n                \t<\/div>\r\n\t\t\t\t<\/div>\r\n                \r\n                <!-- Action buttons -->\r\n        \t\t<div class=\"form-group col-md-6\">\r\n           \t\t\t<label class=\"hidden-sm hidden-xs\">&nbsp;<\/label>\r\n           \t        \t\r\n\t\t\t\t<div class=\"acadp-action-buttons\">\r\n\t\t\t\t\t<button type=\"submit\" class=\"btn btn-primary\">Recherche d&#039;annonces<\/button>\r\n\t\t\t\t\t<a href=\"https:\/\/tire-dash.com\/fr\/search-listings\/\" class=\"btn btn-default\">Reset<\/a>\r\n\t\t\t\t<\/div>\r\n\t\t\t<\/div>        \r\n        <\/div>\r\n    <input type=\"hidden\" name=\"trp-form-language\" value=\"fr\"\/><\/form>\r\n<\/div>\n<p>&nbsp;<\/p>\n\r\n<div class=\"acadp acadp-listings acadp-list-view\">\r\n\t\t\t<!-- header here -->\r\n                \r\n    \t<div class=\"row acadp-no-margin\">\r\n            <form action=\"https:\/\/tire-dash.com\/fr\/search-listings\/\" method=\"POST\" class=\"form-inline\" data-trp-original-action=\"https:\/\/tire-dash.com\/fr\/search-listings\/\">\r\n                <div class=\"btn-toolbar\" role=\"toolbar\">\r\n                                            <!-- total items count -->\r\n                        <p class=\"btn-group pull-left text-muted acadp-xs-clear-float\">\r\n                            6 item(s) found                        <\/p>\r\n                                \r\n                                            <!-- Orderby dropdown -->\r\n                        <div class=\"btn-group pull-right acadp-xs-clear-float\" role=\"group\">\r\n                            <div class=\"form-group\">\r\n                                <select name=\"sort\" class=\"form-control\" onchange=\"this.form.action=this.value; this.form.submit();\">\r\n                                    <option value=\"\/fr\/wp-json\/wp\/v2\/pages\/61?sort=date-desc\">-- Sort by --<\/option><option value=\"\/fr\/wp-json\/wp\/v2\/pages\/61?sort=title-asc\" >A to Z ( title )<\/option><option value=\"\/fr\/wp-json\/wp\/v2\/pages\/61?sort=title-desc\" >Z to A ( title )<\/option><option value=\"\/fr\/wp-json\/wp\/v2\/pages\/61?sort=date-desc\"  selected='selected'>Recently added ( latest )<\/option><option value=\"\/fr\/wp-json\/wp\/v2\/pages\/61?sort=date-asc\" >Date added ( oldest )<\/option><option value=\"\/fr\/wp-json\/wp\/v2\/pages\/61?sort=views-desc\" >Most viewed<\/option><option value=\"\/fr\/wp-json\/wp\/v2\/pages\/61?sort=views-asc\" >Less viewed<\/option><option value=\"\/fr\/wp-json\/wp\/v2\/pages\/61?sort=price-asc\" >Price ( low to high )<\/option><option value=\"\/fr\/wp-json\/wp\/v2\/pages\/61?sort=price-desc\" >Price ( high to low )<\/option>                                <\/select>\r\n                            <\/div>\r\n                        <\/div>\r\n                                        \r\n                                            <!-- Views dropdown -->\r\n                        <div class=\"btn-group pull-right acadp-xs-clear-float\" role=\"group\">\r\n                            <div class=\"form-group\">\r\n                                <select name=\"view\" class=\"form-control\" onchange=\"this.form.action=this.value; this.form.submit();\">\r\n                                    <option value=\"\/fr\/wp-json\/wp\/v2\/pages\/61?view=list\">-- View as --<\/option><option value=\"\/fr\/wp-json\/wp\/v2\/pages\/61?view=list\"  selected='selected'>List<\/option><option value=\"\/fr\/wp-json\/wp\/v2\/pages\/61?view=grid\" >Grid<\/option><option value=\"\/fr\/wp-json\/wp\/v2\/pages\/61?view=map\" >Map<\/option>                                <\/select>\r\n                            <\/div>\r\n                        <\/div>\r\n                                       \r\n                <\/div>\r\n            <input type=\"hidden\" name=\"trp-form-language\" value=\"fr\"\/><\/form>\r\n\t\t<\/div>\r\n        \r\n\t<div class=\"acadp-divider\"><\/div>\r\n    \r\n\t<!-- the loop -->\r\n    <div class=\"acadp-body\">\r\n                    <div class=\"row acadp-entry\">\r\n                                    <div class=\"col-md-2\">   \r\n                        <a href=\"https:\/\/tire-dash.com\/fr\/td_listings\/265-50-20-4x-pneus-d-ete-bridgestone-ecopia-h-l-422-jeep\/\"><img src=\"https:\/\/tire-dash.com\/wp-content\/uploads\/2026\/04\/IMG-2046-1-113x150.jpg\" alt=\"Marque: Model: Grandeur: \/R\" title=\"Marque : Mod\u00e8le : Grandeur : \/R\"><\/a>      \t\r\n                    <\/div>\r\n                                \r\n                <div class=\"col-md-7\">            \r\n                    <div class=\"acadp-listings-title-block\">\r\n                        <h3 class=\"acadp-no-margin\"><a href=\"https:\/\/tire-dash.com\/fr\/td_listings\/265-50-20-4x-pneus-d-ete-bridgestone-ecopia-h-l-422-jeep\/\">265 50 20 \u2013 4x Pneus d&#039;\u00e9t\u00e9 Bridgestone Ecopia H\/L 422 ***JEEP<\/a><\/h3>\r\n                    <\/div>\r\n    \r\n                    <p class=\"acadp-no-margin\"><small class=\"text-muted\">Publi\u00e9 il y a 4 semaines par <a href=\"https:\/\/tire-dash.com\/fr\/user-listings\/c2FicmluYWJhdmFueXJlc2VhdQ..\/\">Sabrina Bavanyreseau<\/a><\/small><\/p>                        <p class=\"acadp-listings-desc\">4x Pneus d&#039;\u00c9T\u00c9 BRIDGESTONE ECOPIA H\/L 422 PLUS 265\/50R20 107T **JEEP Marque - BRIDGESTONE Mod\u00e8le - ECOPIA H\/L 422...<\/p>\r\n                    <p class=\"acadp-no-margin\"><small><span class=\"glyphicon glyphicon-briefcase\"><\/span>&nbsp;<a href=\"https:\/\/tire-dash.com\/fr\/listing-category\/tires\/\">Pneus<\/a> \/ <span class=\"glyphicon glyphicon-map-marker\"><\/span>&nbsp;<a href=\"https:\/\/tire-dash.com\/fr\/listing-location\/saint-leonard\/\">Saint-L\u00e9onard<\/a> \/ 34 views \/ <span class=\"label label-success\">Populaire<\/span><\/small><\/p>                    \r\n                                     <\/div>\r\n                \r\n                                    <div class=\"col-md-3 text-right acadp-price-block\">\r\n                        <p class=\"lead acadp-no-margin\">&#036;800.00<\/p>                    <\/div>\r\n                            <\/div>\r\n            \r\n            <div class=\"acadp-divider\"><\/div>\r\n                    <div class=\"row acadp-entry\">\r\n                                    <div class=\"col-md-2\">   \r\n                        <a href=\"https:\/\/tire-dash.com\/fr\/td_listings\/265-50-20-4x-pneus-d-ete-rockblade-rock-535-jeep\/\"><img src=\"https:\/\/tire-dash.com\/wp-content\/uploads\/2026\/04\/IMG-1984-113x150.jpg\" alt=\"Marque: Model: Grandeur: \/R\" title=\"Marque : Mod\u00e8le : Grandeur : \/R\"><\/a>      \t\r\n                    <\/div>\r\n                                \r\n                <div class=\"col-md-7\">            \r\n                    <div class=\"acadp-listings-title-block\">\r\n                        <h3 class=\"acadp-no-margin\"><a href=\"https:\/\/tire-dash.com\/fr\/td_listings\/265-50-20-4x-pneus-d-ete-rockblade-rock-535-jeep\/\">265 50 20 \u2013 4x Pneus d&#039;ETE ROCKBLADE Rock 535 **JEEP<\/a><\/h3>\r\n                    <\/div>\r\n    \r\n                    <p class=\"acadp-no-margin\"><small class=\"text-muted\">Publi\u00e9 il y a 1 mois par <a href=\"https:\/\/tire-dash.com\/fr\/user-listings\/dGlub3ZhcmFuZXNl\/\">Mike S<\/a><\/small><\/p>                        <p class=\"acadp-listings-desc\">4x Pneus d&#039;ETE ROCKBLADE Rock 535 - 265 50 20 111V XL **JEEP Marque - ROCKBLADE Mod\u00e8le - Rock...<\/p>\r\n                    <p class=\"acadp-no-margin\"><small><span class=\"glyphicon glyphicon-briefcase\"><\/span>&nbsp;<a href=\"https:\/\/tire-dash.com\/fr\/listing-category\/tires\/\">Pneus<\/a> \/ <span class=\"glyphicon glyphicon-map-marker\"><\/span>&nbsp;<a href=\"https:\/\/tire-dash.com\/fr\/listing-location\/saint-leonard\/\">Saint-L\u00e9onard<\/a> \/ 53 views \/ <span class=\"label label-success\">Populaire<\/span>&nbsp;<span class=\"label label-danger\">Vendu<\/span><\/small><\/p>                    \r\n                                     <\/div>\r\n                \r\n                                    <div class=\"col-md-3 text-right acadp-price-block\">\r\n                        <p class=\"lead acadp-no-margin\">&#036;500.00<\/p>                    <\/div>\r\n                            <\/div>\r\n            \r\n            <div class=\"acadp-divider\"><\/div>\r\n                    <div class=\"row acadp-entry\">\r\n                                    <div class=\"col-md-2\">   \r\n                        <a href=\"https:\/\/tire-dash.com\/fr\/td_listings\/255-40-20-4x-pneus-d-ete-goodyear-eagle-f1-asymmetric-5\/\"><img src=\"https:\/\/tire-dash.com\/wp-content\/uploads\/2026\/04\/IMG-1974-113x150.jpg\" alt=\"Marque: Model: Grandeur: \/R\" title=\"Marque : Mod\u00e8le : Grandeur : \/R\"><\/a>      \t\r\n                    <\/div>\r\n                                \r\n                <div class=\"col-md-7\">            \r\n                    <div class=\"acadp-listings-title-block\">\r\n                        <h3 class=\"acadp-no-margin\"><a href=\"https:\/\/tire-dash.com\/fr\/td_listings\/255-40-20-4x-pneus-d-ete-goodyear-eagle-f1-asymmetric-5\/\">255 40 20 \u2013 4x Pneus d&#039;\u00e9t\u00e9 GOODYEAR Eagle F1 asym\u00e9triques 5<\/a><\/h3>\r\n                    <\/div>\r\n    \r\n                    <p class=\"acadp-no-margin\"><small class=\"text-muted\">Publi\u00e9 il y a 1 mois par <a href=\"https:\/\/tire-dash.com\/fr\/user-listings\/dGlub3ZhcmFuZXNl\/\">Mike S<\/a><\/small><\/p>                        <p class=\"acadp-listings-desc\">4x Pneus d&#039;\u00e9t\u00e9 GOODYEAR Eagle F1 Asymmetric 5 255\/40R20 101W Marque - GOODYEAR Mod\u00e8le - Eagle F1 Asymmetric 5...<\/p>\r\n                    <p class=\"acadp-no-margin\"><small><span class=\"glyphicon glyphicon-briefcase\"><\/span>&nbsp;<a href=\"https:\/\/tire-dash.com\/fr\/listing-category\/tires\/\">Pneus<\/a> \/ <span class=\"glyphicon glyphicon-map-marker\"><\/span>&nbsp;<a href=\"https:\/\/tire-dash.com\/fr\/listing-location\/saint-leonard\/\">Saint-L\u00e9onard<\/a> \/ 97 views \/ <span class=\"label label-success\">Populaire<\/span><\/small><\/p>                    \r\n                                     <\/div>\r\n                \r\n                                    <div class=\"col-md-3 text-right acadp-price-block\">\r\n                        <p class=\"lead acadp-no-margin\">&#036;700.00<\/p>                    <\/div>\r\n                            <\/div>\r\n            \r\n            <div class=\"acadp-divider\"><\/div>\r\n                    <div class=\"row acadp-entry\">\r\n                                    <div class=\"col-md-2\">   \r\n                        <a href=\"https:\/\/tire-dash.com\/fr\/td_listings\/255-50-20-4x-pneus-d-ete-hankook-dynapro-hp2\/\"><img src=\"https:\/\/tire-dash.com\/wp-content\/uploads\/2026\/04\/IMG-1947-113x150.jpg\" alt=\"Marque: Model: Grandeur: \/R\" title=\"Marque : Mod\u00e8le : Grandeur : \/R\"><\/a>      \t\r\n                    <\/div>\r\n                                \r\n                <div class=\"col-md-7\">            \r\n                    <div class=\"acadp-listings-title-block\">\r\n                        <h3 class=\"acadp-no-margin\"><a href=\"https:\/\/tire-dash.com\/fr\/td_listings\/255-50-20-4x-pneus-d-ete-hankook-dynapro-hp2\/\">255 50 20 \u2013 4x Pneus D&#039;\u00c9TE HANKOOK DynaPro HP2<\/a><\/h3>\r\n                    <\/div>\r\n    \r\n                    <p class=\"acadp-no-margin\"><small class=\"text-muted\">Publi\u00e9 il y a 1 mois par <a href=\"https:\/\/tire-dash.com\/fr\/user-listings\/c2FicmluYWJhdmFueXJlc2VhdQ..\/\">Sabrina Bavanyreseau<\/a><\/small><\/p>                        <p class=\"acadp-listings-desc\">4x Pneus D&#039; ETE HANKOOK DynaPro HP2 255\/50R20 105H Marque - HANKOOK Modele - DynaPro HP2 Largeur - 255 Profil...<\/p>\r\n                    <p class=\"acadp-no-margin\"><small><span class=\"glyphicon glyphicon-briefcase\"><\/span>&nbsp;<a href=\"https:\/\/tire-dash.com\/fr\/listing-category\/tires\/\">Pneus<\/a> \/ <span class=\"glyphicon glyphicon-map-marker\"><\/span>&nbsp;<a href=\"https:\/\/tire-dash.com\/fr\/listing-location\/saint-leonard\/\">Saint-L\u00e9onard<\/a> \/ 98 views \/ <span class=\"label label-success\">Populaire<\/span>&nbsp;<span class=\"label label-danger\">Vendu<\/span><\/small><\/p>                    \r\n                                     <\/div>\r\n                \r\n                                    <div class=\"col-md-3 text-right acadp-price-block\">\r\n                        <p class=\"lead acadp-no-margin\">&#036;600.00<\/p>                    <\/div>\r\n                            <\/div>\r\n            \r\n            <div class=\"acadp-divider\"><\/div>\r\n                    <div class=\"row acadp-entry\">\r\n                                    <div class=\"col-md-2\">   \r\n                        <a href=\"https:\/\/tire-dash.com\/fr\/td_listings\/4x-pneus-d-ete-bridgestone-turanza-ls100-runflat-225-45r18-91h-rf\/\"><img src=\"https:\/\/tire-dash.com\/wp-content\/uploads\/2026\/03\/IMG-1906-1-113x150.jpg\" alt=\"Marque: Model: Grandeur: \/R\" title=\"Marque : Mod\u00e8le : Grandeur : \/R\"><\/a>      \t\r\n                    <\/div>\r\n                                \r\n                <div class=\"col-md-7\">            \r\n                    <div class=\"acadp-listings-title-block\">\r\n                        <h3 class=\"acadp-no-margin\"><a href=\"https:\/\/tire-dash.com\/fr\/td_listings\/4x-pneus-d-ete-bridgestone-turanza-ls100-runflat-225-45r18-91h-rf\/\">4 pneus d&#039;\u00e9t\u00e9 Bridgestone TURANZA LS100 Runflat 225\/45R18 91H RF<\/a><\/h3>\r\n                    <\/div>\r\n    \r\n                    <p class=\"acadp-no-margin\"><small class=\"text-muted\">Publi\u00e9 il y a 1 mois par <a href=\"https:\/\/tire-dash.com\/fr\/user-listings\/c2FicmluYWJhdmFueXJlc2VhdQ..\/\">Sabrina Bavanyreseau<\/a><\/small><\/p>                        <p class=\"acadp-listings-desc\">4x Pneus d&#039;\u00e9t\u00e9 Bridgestone TURANZA LS100 Runflat 225\/45R18 91H RF Marque - Bridgestone Mod\u00e8le - TURANZA LS100 Runflat Largeur...<\/p>\r\n                    <p class=\"acadp-no-margin\"><small><span class=\"glyphicon glyphicon-briefcase\"><\/span>&nbsp;<a href=\"https:\/\/tire-dash.com\/fr\/listing-category\/tires\/\">Pneus<\/a> \/ <span class=\"glyphicon glyphicon-map-marker\"><\/span>&nbsp;<a href=\"https:\/\/tire-dash.com\/fr\/listing-location\/pointe-aux-trembles\/\">Pointe-aux-Trembles<\/a> \/ 138 views \/ <span class=\"label label-success\">Populaire<\/span>&nbsp;<span class=\"label label-danger\">Vendu<\/span><\/small><\/p>                    \r\n                                     <\/div>\r\n                \r\n                                    <div class=\"col-md-3 text-right acadp-price-block\">\r\n                        <p class=\"lead acadp-no-margin\">&#036;500.00<\/p>                    <\/div>\r\n                            <\/div>\r\n            \r\n            <div class=\"acadp-divider\"><\/div>\r\n                    <div class=\"row acadp-entry\">\r\n                                    <div class=\"col-md-2\">   \r\n                        <a href=\"https:\/\/tire-dash.com\/fr\/td_listings\/285-50-20-4x-pneus-d-ete-farroad-frd66-gmc-yukon\/\"><img src=\"https:\/\/tire-dash.com\/wp-content\/plugins\/advanced-classifieds-and-directory-pro-premium\/public\/images\/no-image.png\" alt=\"Marque: Model: Grandeur: \/R\" title=\"Marque : Mod\u00e8le : Grandeur : \/R\"><\/a>      \t\r\n                    <\/div>\r\n                                \r\n                <div class=\"col-md-7\">            \r\n                    <div class=\"acadp-listings-title-block\">\r\n                        <h3 class=\"acadp-no-margin\"><a href=\"https:\/\/tire-dash.com\/fr\/td_listings\/285-50-20-4x-pneus-d-ete-farroad-frd66-gmc-yukon\/\">285 50 20 4x Pneus D&#039;\u00c9TE FARROAD FRD66 **GMC Yukon<\/a><\/h3>\r\n                    <\/div>\r\n    \r\n                    <p class=\"acadp-no-margin\"><small class=\"text-muted\">Posted 2 mois ago by <a href=\"https:\/\/tire-dash.com\/fr\/user-listings\/c2FicmluYWJhdmFueXJlc2VhdQ..\/\">Sabrina Bavanyreseau<\/a><\/small><\/p>                        <p class=\"acadp-listings-desc\">4x Pneus D&#039; ETE FARROAD FRD66 285\/50R20 116V XL - **GMC Yukon Marque - FARROAD Modele - FRD66 Largeur -...<\/p>\r\n                    <p class=\"acadp-no-margin\"><small><span class=\"glyphicon glyphicon-briefcase\"><\/span>&nbsp;<a href=\"https:\/\/tire-dash.com\/fr\/listing-category\/tires\/\">Pneus<\/a> \/ <span class=\"glyphicon glyphicon-map-marker\"><\/span>&nbsp;<a href=\"https:\/\/tire-dash.com\/fr\/listing-location\/pointe-aux-trembles\/\">Pointe-aux-Trembles<\/a> \/ 152 views \/ <span class=\"label label-success\">Populaire<\/span><\/small><\/p>                    \r\n                                     <\/div>\r\n                \r\n                                    <div class=\"col-md-3 text-right acadp-price-block\">\r\n                        <p class=\"lead acadp-no-margin\">&#036;360.00<\/p>                    <\/div>\r\n                            <\/div>\r\n            \r\n            <div class=\"acadp-divider\"><\/div>\r\n            <\/div>\r\n    <!-- end of the loop -->\r\n    \r\n    <!-- use reset postdata to restore orginal query -->\r\n        \r\n    <!-- pagination here -->\r\n    <\/div>\r\n\r\n<div class=\"acadp-social\"><a class=\"acadp-social-link acadp-social-facebook\" href=\"https:\/\/www.facebook.com\/sharer\/sharer.php?u=https:\/\/tire-dash.com\/fr\/wp-json\/wp\/v2\/pages\/61\" target=\"_blank\">Facebook<\/a> <a class=\"acadp-social-link acadp-social-twitter\" href=\"https:\/\/twitter.com\/intent\/tweet?text=285%2050%2020%204x%20Pneus%20D&#039;%20ETE%20FARROAD%20FRD66%20**GMC%20Yukon&amp;url=https:\/\/tire-dash.com\/fr\/wp-json\/wp\/v2\/pages\/61\" target=\"_blank\">Gazouillement<\/a> <a class=\"acadp-social-link acadp-social-linkedin\" href=\"https:\/\/www.linkedin.com\/shareArticle?url=https:\/\/tire-dash.com\/fr\/wp-json\/wp\/v2\/pages\/61&amp;title=285%2050%2020%204x%20Pneus%20D&#039;%20ETE%20FARROAD%20FRD66%20**GMC%20Yukon\" target=\"_blank\">Linkedin<\/a> <a class=\"acadp-social-link acadp-social-pinterest\" href=\"https:\/\/pinterest.com\/pin\/create\/button\/?url=https:\/\/tire-dash.com\/fr\/wp-json\/wp\/v2\/pages\/61&amp;media=&amp;description=285%2050%2020%204x%20Pneus%20D&#039;%20ETE%20FARROAD%20FRD66%20**GMC%20Yukon\" target=\"_blank\">\u00c9pinglez-le<\/a><\/div>","protected":false},"excerpt":{"rendered":"<p>&nbsp;<\/p>","protected":false},"author":1,"featured_media":0,"parent":0,"menu_order":0,"comment_status":"closed","ping_status":"closed","template":"","meta":[],"_links":{"self":[{"href":"https:\/\/tire-dash.com\/fr\/wp-json\/wp\/v2\/pages\/61"}],"collection":[{"href":"https:\/\/tire-dash.com\/fr\/wp-json\/wp\/v2\/pages"}],"about":[{"href":"https:\/\/tire-dash.com\/fr\/wp-json\/wp\/v2\/types\/page"}],"author":[{"embeddable":true,"href":"https:\/\/tire-dash.com\/fr\/wp-json\/wp\/v2\/users\/1"}],"replies":[{"embeddable":true,"href":"https:\/\/tire-dash.com\/fr\/wp-json\/wp\/v2\/comments?post=61"}],"version-history":[{"count":1,"href":"https:\/\/tire-dash.com\/fr\/wp-json\/wp\/v2\/pages\/61\/revisions"}],"predecessor-version":[{"id":455,"href":"https:\/\/tire-dash.com\/fr\/wp-json\/wp\/v2\/pages\/61\/revisions\/455"}],"wp:attachment":[{"href":"https:\/\/tire-dash.com\/fr\/wp-json\/wp\/v2\/media?parent=61"}],"curies":[{"name":"wp","href":"https:\/\/api.w.org\/{rel}","templated":true}]}}