{"id":56,"date":"2022-03-18T18:32:22","date_gmt":"2022-03-18T22:32:22","guid":{"rendered":"https:\/\/tire-dash.com\/listings\/"},"modified":"2022-03-20T14:08:40","modified_gmt":"2022-03-20T18:08:40","slug":"listings","status":"publish","type":"page","link":"https:\/\/tire-dash.com\/fr\/listings\/","title":{"rendered":"Annonces"},"content":{"rendered":"<div class=\"acadp acadp-listings acadp-list-view\">\r\n\t\t\t<!-- header here -->\r\n                \r\n    \t<div class=\"row acadp-no-margin\">\r\n            <form action=\"https:\/\/tire-dash.com\/fr\/listings\/\" method=\"POST\" class=\"form-inline\" data-trp-original-action=\"https:\/\/tire-dash.com\/fr\/listings\/\">\r\n                <div class=\"btn-toolbar\" role=\"toolbar\">\r\n                                            <!-- total items count -->\r\n                        <p class=\"btn-group pull-left text-muted acadp-xs-clear-float\">\r\n                            6 item(s) found                        <\/p>\r\n                                \r\n                                            <!-- Orderby dropdown -->\r\n                        <div class=\"btn-group pull-right acadp-xs-clear-float\" role=\"group\">\r\n                            <div class=\"form-group\">\r\n                                <select name=\"sort\" class=\"form-control\" onchange=\"this.form.action=this.value; this.form.submit();\">\r\n                                    <option value=\"\/fr\/wp-json\/wp\/v2\/pages\/56?sort=date-desc\">-- Sort by --<\/option><option value=\"\/fr\/wp-json\/wp\/v2\/pages\/56?sort=title-asc\" >A to Z ( title )<\/option><option value=\"\/fr\/wp-json\/wp\/v2\/pages\/56?sort=title-desc\" >Z to A ( title )<\/option><option value=\"\/fr\/wp-json\/wp\/v2\/pages\/56?sort=date-desc\"  selected='selected'>Recently added ( latest )<\/option><option value=\"\/fr\/wp-json\/wp\/v2\/pages\/56?sort=date-asc\" >Date added ( oldest )<\/option><option value=\"\/fr\/wp-json\/wp\/v2\/pages\/56?sort=views-desc\" >Most viewed<\/option><option value=\"\/fr\/wp-json\/wp\/v2\/pages\/56?sort=views-asc\" >Less viewed<\/option><option value=\"\/fr\/wp-json\/wp\/v2\/pages\/56?sort=price-asc\" >Price ( low to high )<\/option><option value=\"\/fr\/wp-json\/wp\/v2\/pages\/56?sort=price-desc\" >Price ( high to low )<\/option>                                <\/select>\r\n                            <\/div>\r\n                        <\/div>\r\n                                        \r\n                                            <!-- Views dropdown -->\r\n                        <div class=\"btn-group pull-right acadp-xs-clear-float\" role=\"group\">\r\n                            <div class=\"form-group\">\r\n                                <select name=\"view\" class=\"form-control\" onchange=\"this.form.action=this.value; this.form.submit();\">\r\n                                    <option value=\"\/fr\/wp-json\/wp\/v2\/pages\/56?view=list\">-- View as --<\/option><option value=\"\/fr\/wp-json\/wp\/v2\/pages\/56?view=list\"  selected='selected'>List<\/option><option value=\"\/fr\/wp-json\/wp\/v2\/pages\/56?view=grid\" >Grid<\/option><option value=\"\/fr\/wp-json\/wp\/v2\/pages\/56?view=map\" >Map<\/option>                                <\/select>\r\n                            <\/div>\r\n                        <\/div>\r\n                                       \r\n                <\/div>\r\n            <input type=\"hidden\" name=\"trp-form-language\" value=\"fr\"\/><\/form>\r\n\t\t<\/div>\r\n        \r\n\t<div class=\"acadp-divider\"><\/div>\r\n    \r\n\t<!-- the loop -->\r\n    <div class=\"acadp-body\">\r\n                    <div class=\"row acadp-entry\">\r\n                                    <div class=\"col-md-2\">   \r\n                        <a href=\"https:\/\/tire-dash.com\/fr\/td_listings\/265-50-20-4x-pneus-d-ete-bridgestone-ecopia-h-l-422-jeep\/\"><img src=\"https:\/\/tire-dash.com\/wp-content\/uploads\/2026\/04\/IMG-2046-1-113x150.jpg\" alt=\"Marque: Model: Grandeur: \/R\" title=\"Marque : Mod\u00e8le : Grandeur : \/R\"><\/a>      \t\r\n                    <\/div>\r\n                                \r\n                <div class=\"col-md-7\">            \r\n                    <div class=\"acadp-listings-title-block\">\r\n                        <h3 class=\"acadp-no-margin\"><a href=\"https:\/\/tire-dash.com\/fr\/td_listings\/265-50-20-4x-pneus-d-ete-bridgestone-ecopia-h-l-422-jeep\/\">265 50 20 \u2013 4x Pneus d&#039;\u00e9t\u00e9 Bridgestone Ecopia H\/L 422 ***JEEP<\/a><\/h3>\r\n                    <\/div>\r\n    \r\n                    <p class=\"acadp-no-margin\"><small class=\"text-muted\">Publi\u00e9 il y a 4 semaines par <a href=\"https:\/\/tire-dash.com\/fr\/user-listings\/c2FicmluYWJhdmFueXJlc2VhdQ..\/\">Sabrina Bavanyreseau<\/a><\/small><\/p>                        <p class=\"acadp-listings-desc\">4x Pneus d&#039;\u00c9T\u00c9 BRIDGESTONE ECOPIA H\/L 422 PLUS 265\/50R20 107T **JEEP Marque - BRIDGESTONE Mod\u00e8le - ECOPIA H\/L 422...<\/p>\r\n                    <p class=\"acadp-no-margin\"><small><span class=\"glyphicon glyphicon-briefcase\"><\/span>&nbsp;<a href=\"https:\/\/tire-dash.com\/fr\/listing-category\/tires\/\">Pneus<\/a> \/ <span class=\"glyphicon glyphicon-map-marker\"><\/span>&nbsp;<a href=\"https:\/\/tire-dash.com\/fr\/listing-location\/saint-leonard\/\">Saint-L\u00e9onard<\/a> \/ 34 views \/ <span class=\"label label-success\">Populaire<\/span><\/small><\/p>                    \r\n                                     <\/div>\r\n                \r\n                                    <div class=\"col-md-3 text-right acadp-price-block\">\r\n                        <p class=\"lead acadp-no-margin\">&#036;800.00<\/p>                    <\/div>\r\n                            <\/div>\r\n            \r\n            <div class=\"acadp-divider\"><\/div>\r\n                    <div class=\"row acadp-entry\">\r\n                                    <div class=\"col-md-2\">   \r\n                        <a href=\"https:\/\/tire-dash.com\/fr\/td_listings\/265-50-20-4x-pneus-d-ete-rockblade-rock-535-jeep\/\"><img src=\"https:\/\/tire-dash.com\/wp-content\/uploads\/2026\/04\/IMG-1984-113x150.jpg\" alt=\"Marque: Model: Grandeur: \/R\" title=\"Marque : Mod\u00e8le : Grandeur : \/R\"><\/a>      \t\r\n                    <\/div>\r\n                                \r\n                <div class=\"col-md-7\">            \r\n                    <div class=\"acadp-listings-title-block\">\r\n                        <h3 class=\"acadp-no-margin\"><a href=\"https:\/\/tire-dash.com\/fr\/td_listings\/265-50-20-4x-pneus-d-ete-rockblade-rock-535-jeep\/\">265 50 20 \u2013 4x Pneus d&#039;ETE ROCKBLADE Rock 535 **JEEP<\/a><\/h3>\r\n                    <\/div>\r\n    \r\n                    <p class=\"acadp-no-margin\"><small class=\"text-muted\">Publi\u00e9 il y a 1 mois par <a href=\"https:\/\/tire-dash.com\/fr\/user-listings\/dGlub3ZhcmFuZXNl\/\">Mike S<\/a><\/small><\/p>                        <p class=\"acadp-listings-desc\">4x Pneus d&#039;ETE ROCKBLADE Rock 535 - 265 50 20 111V XL **JEEP Marque - ROCKBLADE Mod\u00e8le - Rock...<\/p>\r\n                    <p class=\"acadp-no-margin\"><small><span class=\"glyphicon glyphicon-briefcase\"><\/span>&nbsp;<a href=\"https:\/\/tire-dash.com\/fr\/listing-category\/tires\/\">Pneus<\/a> \/ <span class=\"glyphicon glyphicon-map-marker\"><\/span>&nbsp;<a href=\"https:\/\/tire-dash.com\/fr\/listing-location\/saint-leonard\/\">Saint-L\u00e9onard<\/a> \/ 53 views \/ <span class=\"label label-success\">Populaire<\/span>&nbsp;<span class=\"label label-danger\">Vendu<\/span><\/small><\/p>                    \r\n                                     <\/div>\r\n                \r\n                                    <div class=\"col-md-3 text-right acadp-price-block\">\r\n                        <p class=\"lead acadp-no-margin\">&#036;500.00<\/p>                    <\/div>\r\n                            <\/div>\r\n            \r\n            <div class=\"acadp-divider\"><\/div>\r\n                    <div class=\"row acadp-entry\">\r\n                                    <div class=\"col-md-2\">   \r\n                        <a href=\"https:\/\/tire-dash.com\/fr\/td_listings\/255-40-20-4x-pneus-d-ete-goodyear-eagle-f1-asymmetric-5\/\"><img src=\"https:\/\/tire-dash.com\/wp-content\/uploads\/2026\/04\/IMG-1974-113x150.jpg\" alt=\"Marque: Model: Grandeur: \/R\" title=\"Marque : Mod\u00e8le : Grandeur : \/R\"><\/a>      \t\r\n                    <\/div>\r\n                                \r\n                <div class=\"col-md-7\">            \r\n                    <div class=\"acadp-listings-title-block\">\r\n                        <h3 class=\"acadp-no-margin\"><a href=\"https:\/\/tire-dash.com\/fr\/td_listings\/255-40-20-4x-pneus-d-ete-goodyear-eagle-f1-asymmetric-5\/\">255 40 20 \u2013 4x Pneus d&#039;\u00e9t\u00e9 GOODYEAR Eagle F1 asym\u00e9triques 5<\/a><\/h3>\r\n                    <\/div>\r\n    \r\n                    <p class=\"acadp-no-margin\"><small class=\"text-muted\">Publi\u00e9 il y a 1 mois par <a href=\"https:\/\/tire-dash.com\/fr\/user-listings\/dGlub3ZhcmFuZXNl\/\">Mike S<\/a><\/small><\/p>                        <p class=\"acadp-listings-desc\">4x Pneus d&#039;\u00e9t\u00e9 GOODYEAR Eagle F1 Asymmetric 5 255\/40R20 101W Marque - GOODYEAR Mod\u00e8le - Eagle F1 Asymmetric 5...<\/p>\r\n                    <p class=\"acadp-no-margin\"><small><span class=\"glyphicon glyphicon-briefcase\"><\/span>&nbsp;<a href=\"https:\/\/tire-dash.com\/fr\/listing-category\/tires\/\">Pneus<\/a> \/ <span class=\"glyphicon glyphicon-map-marker\"><\/span>&nbsp;<a href=\"https:\/\/tire-dash.com\/fr\/listing-location\/saint-leonard\/\">Saint-L\u00e9onard<\/a> \/ 97 views \/ <span class=\"label label-success\">Populaire<\/span><\/small><\/p>                    \r\n                                     <\/div>\r\n                \r\n                                    <div class=\"col-md-3 text-right acadp-price-block\">\r\n                        <p class=\"lead acadp-no-margin\">&#036;700.00<\/p>                    <\/div>\r\n                            <\/div>\r\n            \r\n            <div class=\"acadp-divider\"><\/div>\r\n                    <div class=\"row acadp-entry\">\r\n                                    <div class=\"col-md-2\">   \r\n                        <a href=\"https:\/\/tire-dash.com\/fr\/td_listings\/255-50-20-4x-pneus-d-ete-hankook-dynapro-hp2\/\"><img src=\"https:\/\/tire-dash.com\/wp-content\/uploads\/2026\/04\/IMG-1947-113x150.jpg\" alt=\"Marque: Model: Grandeur: \/R\" title=\"Marque : Mod\u00e8le : Grandeur : \/R\"><\/a>      \t\r\n                    <\/div>\r\n                                \r\n                <div class=\"col-md-7\">            \r\n                    <div class=\"acadp-listings-title-block\">\r\n                        <h3 class=\"acadp-no-margin\"><a href=\"https:\/\/tire-dash.com\/fr\/td_listings\/255-50-20-4x-pneus-d-ete-hankook-dynapro-hp2\/\">255 50 20 \u2013 4x Pneus D&#039;\u00c9TE HANKOOK DynaPro HP2<\/a><\/h3>\r\n                    <\/div>\r\n    \r\n                    <p class=\"acadp-no-margin\"><small class=\"text-muted\">Publi\u00e9 il y a 1 mois par <a href=\"https:\/\/tire-dash.com\/fr\/user-listings\/c2FicmluYWJhdmFueXJlc2VhdQ..\/\">Sabrina Bavanyreseau<\/a><\/small><\/p>                        <p class=\"acadp-listings-desc\">4x Pneus D&#039; ETE HANKOOK DynaPro HP2 255\/50R20 105H Marque - HANKOOK Modele - DynaPro HP2 Largeur - 255 Profil...<\/p>\r\n                    <p class=\"acadp-no-margin\"><small><span class=\"glyphicon glyphicon-briefcase\"><\/span>&nbsp;<a href=\"https:\/\/tire-dash.com\/fr\/listing-category\/tires\/\">Pneus<\/a> \/ <span class=\"glyphicon glyphicon-map-marker\"><\/span>&nbsp;<a href=\"https:\/\/tire-dash.com\/fr\/listing-location\/saint-leonard\/\">Saint-L\u00e9onard<\/a> \/ 98 views \/ <span class=\"label label-success\">Populaire<\/span>&nbsp;<span class=\"label label-danger\">Vendu<\/span><\/small><\/p>                    \r\n                                     <\/div>\r\n                \r\n                                    <div class=\"col-md-3 text-right acadp-price-block\">\r\n                        <p class=\"lead acadp-no-margin\">&#036;600.00<\/p>                    <\/div>\r\n                            <\/div>\r\n            \r\n            <div class=\"acadp-divider\"><\/div>\r\n                    <div class=\"row acadp-entry\">\r\n                                    <div class=\"col-md-2\">   \r\n                        <a href=\"https:\/\/tire-dash.com\/fr\/td_listings\/4x-pneus-d-ete-bridgestone-turanza-ls100-runflat-225-45r18-91h-rf\/\"><img src=\"https:\/\/tire-dash.com\/wp-content\/uploads\/2026\/03\/IMG-1906-1-113x150.jpg\" alt=\"Marque: Model: Grandeur: \/R\" title=\"Marque : Mod\u00e8le : Grandeur : \/R\"><\/a>      \t\r\n                    <\/div>\r\n                                \r\n                <div class=\"col-md-7\">            \r\n                    <div class=\"acadp-listings-title-block\">\r\n                        <h3 class=\"acadp-no-margin\"><a href=\"https:\/\/tire-dash.com\/fr\/td_listings\/4x-pneus-d-ete-bridgestone-turanza-ls100-runflat-225-45r18-91h-rf\/\">4 pneus d&#039;\u00e9t\u00e9 Bridgestone TURANZA LS100 Runflat 225\/45R18 91H RF<\/a><\/h3>\r\n                    <\/div>\r\n    \r\n                    <p class=\"acadp-no-margin\"><small class=\"text-muted\">Publi\u00e9 il y a 1 mois par <a href=\"https:\/\/tire-dash.com\/fr\/user-listings\/c2FicmluYWJhdmFueXJlc2VhdQ..\/\">Sabrina Bavanyreseau<\/a><\/small><\/p>                        <p class=\"acadp-listings-desc\">4x Pneus d&#039;\u00e9t\u00e9 Bridgestone TURANZA LS100 Runflat 225\/45R18 91H RF Marque - Bridgestone Mod\u00e8le - TURANZA LS100 Runflat Largeur...<\/p>\r\n                    <p class=\"acadp-no-margin\"><small><span class=\"glyphicon glyphicon-briefcase\"><\/span>&nbsp;<a href=\"https:\/\/tire-dash.com\/fr\/listing-category\/tires\/\">Pneus<\/a> \/ <span class=\"glyphicon glyphicon-map-marker\"><\/span>&nbsp;<a href=\"https:\/\/tire-dash.com\/fr\/listing-location\/pointe-aux-trembles\/\">Pointe-aux-Trembles<\/a> \/ 138 views \/ <span class=\"label label-success\">Populaire<\/span>&nbsp;<span class=\"label label-danger\">Vendu<\/span><\/small><\/p>                    \r\n                                     <\/div>\r\n                \r\n                                    <div class=\"col-md-3 text-right acadp-price-block\">\r\n                        <p class=\"lead acadp-no-margin\">&#036;500.00<\/p>                    <\/div>\r\n                            <\/div>\r\n            \r\n            <div class=\"acadp-divider\"><\/div>\r\n                    <div class=\"row acadp-entry\">\r\n                                    <div class=\"col-md-2\">   \r\n                        <a href=\"https:\/\/tire-dash.com\/fr\/td_listings\/285-50-20-4x-pneus-d-ete-farroad-frd66-gmc-yukon\/\"><img src=\"https:\/\/tire-dash.com\/wp-content\/plugins\/advanced-classifieds-and-directory-pro-premium\/public\/images\/no-image.png\" alt=\"Marque: Model: Grandeur: \/R\" title=\"Marque : Mod\u00e8le : Grandeur : \/R\"><\/a>      \t\r\n                    <\/div>\r\n                                \r\n                <div class=\"col-md-7\">            \r\n                    <div class=\"acadp-listings-title-block\">\r\n                        <h3 class=\"acadp-no-margin\"><a href=\"https:\/\/tire-dash.com\/fr\/td_listings\/285-50-20-4x-pneus-d-ete-farroad-frd66-gmc-yukon\/\">285 50 20 4x Pneus D&#039;\u00c9TE FARROAD FRD66 **GMC Yukon<\/a><\/h3>\r\n                    <\/div>\r\n    \r\n                    <p class=\"acadp-no-margin\"><small class=\"text-muted\">Posted 2 mois ago by <a href=\"https:\/\/tire-dash.com\/fr\/user-listings\/c2FicmluYWJhdmFueXJlc2VhdQ..\/\">Sabrina Bavanyreseau<\/a><\/small><\/p>                        <p class=\"acadp-listings-desc\">4x Pneus D&#039; ETE FARROAD FRD66 285\/50R20 116V XL - **GMC Yukon Marque - FARROAD Modele - FRD66 Largeur -...<\/p>\r\n                    <p class=\"acadp-no-margin\"><small><span class=\"glyphicon glyphicon-briefcase\"><\/span>&nbsp;<a href=\"https:\/\/tire-dash.com\/fr\/listing-category\/tires\/\">Pneus<\/a> \/ <span class=\"glyphicon glyphicon-map-marker\"><\/span>&nbsp;<a href=\"https:\/\/tire-dash.com\/fr\/listing-location\/pointe-aux-trembles\/\">Pointe-aux-Trembles<\/a> \/ 152 views \/ <span class=\"label label-success\">Populaire<\/span><\/small><\/p>                    \r\n                                     <\/div>\r\n                \r\n                                    <div class=\"col-md-3 text-right acadp-price-block\">\r\n                        <p class=\"lead acadp-no-margin\">&#036;360.00<\/p>                    <\/div>\r\n                            <\/div>\r\n            \r\n            <div class=\"acadp-divider\"><\/div>\r\n            <\/div>\r\n    <!-- end of the loop -->\r\n    \r\n    <!-- use reset postdata to restore orginal query -->\r\n        \r\n    <!-- pagination here -->\r\n    <\/div>\r\n\r\n<div class=\"acadp-social\"><a class=\"acadp-social-link acadp-social-facebook\" href=\"https:\/\/www.facebook.com\/sharer\/sharer.php?u=https:\/\/tire-dash.com\/fr\/wp-json\/wp\/v2\/pages\/56\" target=\"_blank\">Facebook<\/a> <a class=\"acadp-social-link acadp-social-twitter\" href=\"https:\/\/twitter.com\/intent\/tweet?text=285%2050%2020%204x%20Pneus%20D&#039;%20ETE%20FARROAD%20FRD66%20**GMC%20Yukon&amp;url=https:\/\/tire-dash.com\/fr\/wp-json\/wp\/v2\/pages\/56\" target=\"_blank\">Gazouillement<\/a> <a class=\"acadp-social-link acadp-social-linkedin\" href=\"https:\/\/www.linkedin.com\/shareArticle?url=https:\/\/tire-dash.com\/fr\/wp-json\/wp\/v2\/pages\/56&amp;title=285%2050%2020%204x%20Pneus%20D&#039;%20ETE%20FARROAD%20FRD66%20**GMC%20Yukon\" target=\"_blank\">Linkedin<\/a> <a class=\"acadp-social-link acadp-social-pinterest\" href=\"https:\/\/pinterest.com\/pin\/create\/button\/?url=https:\/\/tire-dash.com\/fr\/wp-json\/wp\/v2\/pages\/56&amp;media=&amp;description=285%2050%2020%204x%20Pneus%20D&#039;%20ETE%20FARROAD%20FRD66%20**GMC%20Yukon\" target=\"_blank\">\u00c9pinglez-le<\/a><\/div>","protected":false},"excerpt":{"rendered":"","protected":false},"author":1,"featured_media":0,"parent":0,"menu_order":0,"comment_status":"closed","ping_status":"closed","template":"","meta":[],"_links":{"self":[{"href":"https:\/\/tire-dash.com\/fr\/wp-json\/wp\/v2\/pages\/56"}],"collection":[{"href":"https:\/\/tire-dash.com\/fr\/wp-json\/wp\/v2\/pages"}],"about":[{"href":"https:\/\/tire-dash.com\/fr\/wp-json\/wp\/v2\/types\/page"}],"author":[{"embeddable":true,"href":"https:\/\/tire-dash.com\/fr\/wp-json\/wp\/v2\/users\/1"}],"replies":[{"embeddable":true,"href":"https:\/\/tire-dash.com\/fr\/wp-json\/wp\/v2\/comments?post=56"}],"version-history":[{"count":4,"href":"https:\/\/tire-dash.com\/fr\/wp-json\/wp\/v2\/pages\/56\/revisions"}],"predecessor-version":[{"id":597,"href":"https:\/\/tire-dash.com\/fr\/wp-json\/wp\/v2\/pages\/56\/revisions\/597"}],"wp:attachment":[{"href":"https:\/\/tire-dash.com\/fr\/wp-json\/wp\/v2\/media?parent=56"}],"curies":[{"name":"wp","href":"https:\/\/api.w.org\/{rel}","templated":true}]}}